{"id":770,"date":"2016-05-06T12:33:32","date_gmt":"2016-05-06T10:33:32","guid":{"rendered":"http:\/\/www.lach-bruns.de\/en\/?page_id=770"},"modified":"2016-12-27T13:00:50","modified_gmt":"2016-12-27T12:00:50","slug":"lach","status":"publish","type":"page","link":"https:\/\/www.lach-bruns.de\/en\/lach\/","title":{"rendered":"Lach"},"content":{"rendered":"<h1>\n\t\tDr. G\u00fcnter Lach<br \/>\n\t<\/h1>\n<p>\tFor more than 30 years Dr. G\u00fcnter Lach dealt with the analysis and evaluation of residues and contaminants in food products, utility articles, environmental samples and cosmetics.\u00a0Furthermore, he has many years experience in the procurement and implementation of norms, directives and regulations on a national and international level.<\/p>\n<p>Dr. G\u00fcnter Lach studied chemistry at the Technical University in Darmstadt, Germany and was awarded a PhD from Kassel University.<\/p>\n<p>The long-term employment as technical director and member of the managing board at a leading private service laboratory in Hamburg was then followed (2001 to 2005) by the post as \u00a0General Manager of a pesticide testing laboratory, which is part of an international group of analytical service providers.<\/p>\n<h3>Priority areas<\/h3>\n<p>Working priorities of Dr. G\u00fcnter Lach are the technical responsibility and line management for the analysis of residues and contaminants in private sector service laboratories. Moreover, analytical and juridical assessor, in particular for baby food products and organic food highlight Dr. Lach&#8217;s professional competencies.<\/p>\n<h3>Additional participations in committees<\/h3>\n<p>Scientific advisory board of the QS organisation related to Fruit &#8211; Vegetables &#8211; Potatoes &#8220;QS Fachgesellschaft Obst-Gem\u00fcse-Kartoffeln&#8221; (2004-2013).<\/p>\n<p>Various standards committees (temporary on request, e.g. DIN AK Pesticides, DIN AK Tobacco, CEN TC Pesticides in vegetable foods).<\/p>\n<h3>Aktive participations in committees<\/h3>\n<p>Dr. G\u00fcnter Lach is member of the scientific advisory board of the German Association of Processors and Traders of organic products &#8220;Bundesverband Naturkost Naturwaren (BNN) e.V.&#8221; for many years. In addition, he is corresponding member of the working group on pesticides of the Food Chemistry Society at the Society of German Chemists &#8220;Gesellschaft Deutscher Chemiker&#8221;.<\/p>\n<h3>And &#8230;<\/h3>\n<p>Within the scope of symposiums, work-shops and congresses Dr. Lach has presented a variety of lectures and poster articles concerning different topics. He is editor of several scientific publications related to residue analysis and is also co-editor of the book &#8220;Qualit\u00e4tssicherung von \u00d6ko-Lebensmitteln &#8211; Ein Leitfaden f\u00fcr die Praxis&#8221;.<\/p>\n","protected":false},"excerpt":{"rendered":"<p>Dr. G\u00fcnter Lach For more than 30 years Dr. G\u00fcnter Lach dealt with the analysis and evaluation of residues and contaminants in food products, utility articles, environmental samples and cosmetics.\u00a0Furthermore, he has many years experience in the procurement and implementation of norms, directives and regulations on a national and international level. Dr. G\u00fcnter Lach studied &#8230; <a class=\"read-more\" href=\"https:\/\/www.lach-bruns.de\/en\/lach\/\">Read more<\/a><\/p>\n","protected":false},"author":5,"featured_media":0,"parent":0,"menu_order":0,"comment_status":"closed","ping_status":"closed","template":"","meta":{"footnotes":"","_links_to":"","_links_to_target":""},"_links":{"self":[{"href":"https:\/\/www.lach-bruns.de\/en\/wp-json\/wp\/v2\/pages\/770"}],"collection":[{"href":"https:\/\/www.lach-bruns.de\/en\/wp-json\/wp\/v2\/pages"}],"about":[{"href":"https:\/\/www.lach-bruns.de\/en\/wp-json\/wp\/v2\/types\/page"}],"author":[{"embeddable":true,"href":"https:\/\/www.lach-bruns.de\/en\/wp-json\/wp\/v2\/users\/5"}],"replies":[{"embeddable":true,"href":"https:\/\/www.lach-bruns.de\/en\/wp-json\/wp\/v2\/comments?post=770"}],"version-history":[{"count":6,"href":"https:\/\/www.lach-bruns.de\/en\/wp-json\/wp\/v2\/pages\/770\/revisions"}],"predecessor-version":[{"id":921,"href":"https:\/\/www.lach-bruns.de\/en\/wp-json\/wp\/v2\/pages\/770\/revisions\/921"}],"wp:attachment":[{"href":"https:\/\/www.lach-bruns.de\/en\/wp-json\/wp\/v2\/media?parent=770"}],"curies":[{"name":"wp","href":"https:\/\/api.w.org\/{rel}","templated":true}]}}